{"id":748,"date":"2026-04-08T13:08:13","date_gmt":"2026-04-08T13:08:13","guid":{"rendered":"https:\/\/runointeriors.com\/?page_id=748"},"modified":"2026-04-10T11:49:25","modified_gmt":"2026-04-10T11:49:25","slug":"about","status":"publish","type":"page","link":"https:\/\/runointeriors.com\/index.php\/about\/","title":{"rendered":"(ABOUT)"},"content":{"rendered":"\t\t<div data-elementor-type=\"wp-page\" data-elementor-id=\"748\" class=\"elementor elementor-748\" data-elementor-post-type=\"page\">\n\t\t\t\t<div class=\"elementor-element elementor-element-f8d79b6 e-flex e-con-boxed e-con e-parent\" data-id=\"f8d79b6\" data-element_type=\"container\" data-e-type=\"container\">\n\t\t\t\t\t<div class=\"e-con-inner\">\n\t\t\t\t<div class=\"elementor-element elementor-element-7eedf61 elementor-widget elementor-widget-heading\" data-id=\"7eedf61\" data-element_type=\"widget\" data-e-type=\"widget\" data-widget_type=\"heading.default\">\n\t\t\t\t\t<h2 class=\"elementor-heading-title elementor-size-default\">(ABOUT)<\/h2>\t\t\t\t<\/div>\n\t\t<div class=\"elementor-element elementor-element-f4e55b3 e-con-full e-flex e-con e-child\" data-id=\"f4e55b3\" data-element_type=\"container\" data-e-type=\"container\">\n\t\t\t\t<div class=\"elementor-element elementor-element-381ea8f elementor-widget__width-initial elementor-widget elementor-widget-text-editor\" data-id=\"381ea8f\" data-element_type=\"widget\" data-e-type=\"widget\" data-widget_type=\"text-editor.default\">\n\t\t\t\t\t\t\t\t\t<p>THE APPROACH<\/p>\t\t\t\t\t\t\t\t<\/div>\n\t\t\t\t<div class=\"elementor-element elementor-element-d5a84d6 elementor-widget__width-initial elementor-widget elementor-widget-text-editor\" data-id=\"d5a84d6\" data-element_type=\"widget\" data-e-type=\"widget\" data-widget_type=\"text-editor.default\">\n\t\t\t\t\t\t\t\t\t<p>Runo dzia\u0142a na styku idei, funkcji i technologii. Projektujemy wn\u0119trza jako systemy architektoniczne, tworzymy przestrzenie, kt\u00f3re zachowuj\u0105 logik\u0119 na d\u0142ugo po tym jak opada kurz.\u00a0<\/p><p>Ka\u017cdy projekt prowadzony jest w wybrany formacie &#8211; od jednorazowej oceny decyzyjnej, przez audyt inwestycyjny, po pe\u0142ny autorski projekt z nadzorem realizacji. Projektujemy dla klient\u00f3w, kt\u00f3rzy wiedz\u0105, \u017ce jako\u015b\u0107 nie jest pozycj\u0105 w bud\u017cecie.\u00a0<\/p><p>More about (SERVICES)&#8230;<\/p>\t\t\t\t\t\t\t\t<\/div>\n\t\t\t\t<\/div>\n\t\t<div class=\"elementor-element elementor-element-4a5ceb9 e-con-full e-flex e-con e-child\" data-id=\"4a5ceb9\" data-element_type=\"container\" data-e-type=\"container\">\n\t\t\t\t<div class=\"elementor-element elementor-element-4c21e8f elementor-widget__width-initial elementor-widget elementor-widget-text-editor\" data-id=\"4c21e8f\" data-element_type=\"widget\" data-e-type=\"widget\" data-widget_type=\"text-editor.default\">\n\t\t\t\t\t\t\t\t\t<p>DECISION-LED PRACTICE<\/p>\t\t\t\t\t\t\t\t<\/div>\n\t\t\t\t<div class=\"elementor-element elementor-element-d88365b elementor-widget__width-initial elementor-widget elementor-widget-text-editor\" data-id=\"d88365b\" data-element_type=\"widget\" data-e-type=\"widget\" data-widget_type=\"text-editor.default\">\n\t\t\t\t\t\t\t\t\t<p>Zaczynamy od DISCOVERY PHASE. Co chcesz poczu\u0107 po wej\u015bciu do domu? Odpowied\u017a stanowi fundament ka\u017cdej decyzji projektowej. Ko\u0144czymy obejmuj\u0105c autorski nadz\u00f3r nad procesem realizacji, od tej pierwszej decyzji po ostatni detal, chroni\u0105c je przed presj\u0105 wykonawcz\u0105.<\/p><p>More about (PROCESS)&#8230;<\/p>\t\t\t\t\t\t\t\t<\/div>\n\t\t\t\t<\/div>\n\t\t<div class=\"elementor-element elementor-element-9f910fa e-con-full e-flex e-con e-child\" data-id=\"9f910fa\" data-element_type=\"container\" data-e-type=\"container\">\n\t\t\t\t<div class=\"elementor-element elementor-element-1f5689e elementor-widget__width-initial elementor-widget elementor-widget-text-editor\" data-id=\"1f5689e\" data-element_type=\"widget\" data-e-type=\"widget\" data-widget_type=\"text-editor.default\">\n\t\t\t\t\t\t\t\t\t<p>THE HOW<\/p>\t\t\t\t\t\t\t\t<\/div>\n\t\t\t\t<div class=\"elementor-element elementor-element-6433947 elementor-widget__width-initial elementor-widget elementor-widget-text-editor\" data-id=\"6433947\" data-element_type=\"widget\" data-e-type=\"widget\" data-widget_type=\"text-editor.default\">\n\t\t\t\t\t\t\t\t\t<p>Ustrukturyzowany proces. Jasna komunikacja. Decyzje projektowe ugruntowane w praktycznych kategoriach.\u00a0<\/p>\t\t\t\t\t\t\t\t<\/div>\n\t\t\t\t<\/div>\n\t\t<div class=\"elementor-element elementor-element-c1749ac e-con-full e-flex e-con e-child\" data-id=\"c1749ac\" data-element_type=\"container\" data-e-type=\"container\">\n\t\t\t\t<div class=\"elementor-element elementor-element-344a073 elementor-widget__width-initial elementor-widget elementor-widget-text-editor\" data-id=\"344a073\" data-element_type=\"widget\" data-e-type=\"widget\" data-widget_type=\"text-editor.default\">\n\t\t\t\t\t\t\t\t\t<p>THE DON&#8217;TS\u00a0<\/p>\t\t\t\t\t\t\t\t<\/div>\n\t\t\t\t<div class=\"elementor-element elementor-element-db7f224 elementor-widget__width-initial elementor-widget elementor-widget-text-editor\" data-id=\"db7f224\" data-element_type=\"widget\" data-e-type=\"widget\" data-widget_type=\"text-editor.default\">\n\t\t\t\t\t\t\t\t\t<p>Wizualizacje i koncepty bez umocowania w realizacji. Dekoracja bez uzasadnienia. Design oparty na trendach.\u00a0<\/p>\t\t\t\t\t\t\t\t<\/div>\n\t\t\t\t<\/div>\n\t\t\t\t\t<\/div>\n\t\t\t\t<\/div>\n\t\t\t\t<\/div>\n\t\t","protected":false},"excerpt":{"rendered":"<p>(ABOUT) THE APPROACH Runo dzia\u0142a na styku idei, funkcji i technologii. Projektujemy wn\u0119trza jako systemy architektoniczne, tworzymy przestrzenie, kt\u00f3re zachowuj\u0105 logik\u0119 na d\u0142ugo po tym jak opada kurz.\u00a0 Ka\u017cdy projekt prowadzony jest w wybrany formacie &#8211; od jednorazowej oceny decyzyjnej, przez audyt inwestycyjny, po pe\u0142ny autorski projekt z nadzorem realizacji. Projektujemy dla klient\u00f3w, kt\u00f3rzy wiedz\u0105, [&hellip;]<\/p>\n","protected":false},"author":1,"featured_media":0,"parent":0,"menu_order":0,"comment_status":"closed","ping_status":"closed","template":"","meta":{"footnotes":""},"class_list":["post-748","page","type-page","status-publish","hentry"],"_links":{"self":[{"href":"https:\/\/runointeriors.com\/index.php\/wp-json\/wp\/v2\/pages\/748","targetHints":{"allow":["GET"]}}],"collection":[{"href":"https:\/\/runointeriors.com\/index.php\/wp-json\/wp\/v2\/pages"}],"about":[{"href":"https:\/\/runointeriors.com\/index.php\/wp-json\/wp\/v2\/types\/page"}],"author":[{"embeddable":true,"href":"https:\/\/runointeriors.com\/index.php\/wp-json\/wp\/v2\/users\/1"}],"replies":[{"embeddable":true,"href":"https:\/\/runointeriors.com\/index.php\/wp-json\/wp\/v2\/comments?post=748"}],"version-history":[{"count":7,"href":"https:\/\/runointeriors.com\/index.php\/wp-json\/wp\/v2\/pages\/748\/revisions"}],"predecessor-version":[{"id":755,"href":"https:\/\/runointeriors.com\/index.php\/wp-json\/wp\/v2\/pages\/748\/revisions\/755"}],"wp:attachment":[{"href":"https:\/\/runointeriors.com\/index.php\/wp-json\/wp\/v2\/media?parent=748"}],"curies":[{"name":"wp","href":"https:\/\/api.w.org\/{rel}","templated":true}]}}