{"id":744,"date":"2026-04-07T17:02:05","date_gmt":"2026-04-07T17:02:05","guid":{"rendered":"https:\/\/runointeriors.com\/?page_id=744"},"modified":"2026-04-07T17:03:09","modified_gmt":"2026-04-07T17:03:09","slug":"viewprojects","status":"publish","type":"page","link":"https:\/\/runointeriors.com\/index.php\/viewprojects\/","title":{"rendered":"(VIEWPROJECTS)"},"content":{"rendered":"\t\t<div data-elementor-type=\"wp-page\" data-elementor-id=\"744\" class=\"elementor elementor-744\" data-elementor-post-type=\"page\">\n\t\t\t\t<div class=\"elementor-element elementor-element-f8d79b6 e-flex e-con-boxed e-con e-parent\" data-id=\"f8d79b6\" data-element_type=\"container\" data-e-type=\"container\">\n\t\t\t\t\t<div class=\"e-con-inner\">\n\t\t\t\t<div class=\"elementor-element elementor-element-7eedf61 elementor-widget elementor-widget-heading\" data-id=\"7eedf61\" data-element_type=\"widget\" data-e-type=\"widget\" data-widget_type=\"heading.default\">\n\t\t\t\t\t<h2 class=\"elementor-heading-title elementor-size-default\">(VIEWPROJECTS)<\/h2>\t\t\t\t<\/div>\n\t\t<div class=\"elementor-element elementor-element-d62973a e-con-full e-flex e-con e-child\" data-id=\"d62973a\" data-element_type=\"container\" data-e-type=\"container\">\n\t\t\t\t<div class=\"elementor-element elementor-element-30248ce elementor-widget elementor-widget-text-editor\" data-id=\"30248ce\" data-element_type=\"widget\" data-e-type=\"widget\" data-widget_type=\"text-editor.default\">\n\t\t\t\t\t\t\t\t\t<p>View Grid \/ List<\/p>\t\t\t\t\t\t\t\t<\/div>\n\t\t\t\t<\/div>\n\t\t<div class=\"elementor-element elementor-element-ba18273 e-con-full e-flex e-con e-child\" data-id=\"ba18273\" data-element_type=\"container\" data-e-type=\"container\">\n\t\t\t\t<div class=\"elementor-element elementor-element-bafaa3c elementor-widget__width-initial elementor-widget elementor-widget-text-editor\" data-id=\"bafaa3c\" data-element_type=\"widget\" data-e-type=\"widget\" data-widget_type=\"text-editor.default\">\n\t\t\t\t\t\t\t\t\t<p>Signature<\/p>\t\t\t\t\t\t\t\t<\/div>\n\t\t\t\t<div class=\"elementor-element elementor-element-e1f0289 elementor-widget__width-initial elementor-widget elementor-widget-text-editor\" data-id=\"e1f0289\" data-element_type=\"widget\" data-e-type=\"widget\" data-widget_type=\"text-editor.default\">\n\t\t\t\t\t\t\t\t\t<p>Title\u00a0<\/p>\t\t\t\t\t\t\t\t<\/div>\n\t\t\t\t<div class=\"elementor-element elementor-element-00af4a9 elementor-widget__width-initial elementor-widget elementor-widget-text-editor\" data-id=\"00af4a9\" data-element_type=\"widget\" data-e-type=\"widget\" data-widget_type=\"text-editor.default\">\n\t\t\t\t\t\t\t\t\t<p>Location<\/p>\t\t\t\t\t\t\t\t<\/div>\n\t\t\t\t<div class=\"elementor-element elementor-element-d583045 elementor-widget__width-initial elementor-widget elementor-widget-text-editor\" data-id=\"d583045\" data-element_type=\"widget\" data-e-type=\"widget\" data-widget_type=\"text-editor.default\">\n\t\t\t\t\t\t\t\t\t<p>Type<\/p>\t\t\t\t\t\t\t\t<\/div>\n\t\t\t\t<div class=\"elementor-element elementor-element-a00e980 elementor-widget__width-initial elementor-widget elementor-widget-text-editor\" data-id=\"a00e980\" data-element_type=\"widget\" data-e-type=\"widget\" data-widget_type=\"text-editor.default\">\n\t\t\t\t\t\t\t\t\t<p>Area<\/p>\t\t\t\t\t\t\t\t<\/div>\n\t\t\t\t<\/div>\n\t\t<div class=\"elementor-element elementor-element-4a5ceb9 e-con-full e-flex e-con e-child\" data-id=\"4a5ceb9\" data-element_type=\"container\" data-e-type=\"container\">\n\t\t\t\t<div class=\"elementor-element elementor-element-4c21e8f elementor-widget__width-initial elementor-widget elementor-widget-text-editor\" data-id=\"4c21e8f\" data-element_type=\"widget\" data-e-type=\"widget\" data-widget_type=\"text-editor.default\">\n\t\t\t\t\t\t\t\t\t<p>A01-MM<\/p>\t\t\t\t\t\t\t\t<\/div>\n\t\t\t\t<div class=\"elementor-element elementor-element-d88365b elementor-widget__width-initial elementor-widget elementor-widget-text-editor\" data-id=\"d88365b\" data-element_type=\"widget\" data-e-type=\"widget\" data-widget_type=\"text-editor.default\">\n\t\t\t\t\t\t\t\t\t<p>MINIMAL TATAMI APARTMENT<\/p>\t\t\t\t\t\t\t\t<\/div>\n\t\t\t\t<div class=\"elementor-element elementor-element-ff3d4e3 elementor-widget__width-initial elementor-widget elementor-widget-text-editor\" data-id=\"ff3d4e3\" data-element_type=\"widget\" data-e-type=\"widget\" data-widget_type=\"text-editor.default\">\n\t\t\t\t\t\t\t\t\t<p>\u0141\u00f3d\u017a\/ PL<\/p>\t\t\t\t\t\t\t\t<\/div>\n\t\t\t\t<div class=\"elementor-element elementor-element-4c64444 elementor-widget__width-initial elementor-widget elementor-widget-text-editor\" data-id=\"4c64444\" data-element_type=\"widget\" data-e-type=\"widget\" data-widget_type=\"text-editor.default\">\n\t\t\t\t\t\t\t\t\t<p>Residential<\/p>\t\t\t\t\t\t\t\t<\/div>\n\t\t\t\t<div class=\"elementor-element elementor-element-35e2f41 elementor-widget__width-initial elementor-widget elementor-widget-text-editor\" data-id=\"35e2f41\" data-element_type=\"widget\" data-e-type=\"widget\" data-widget_type=\"text-editor.default\">\n\t\t\t\t\t\t\t\t\t<p>72 sq. m<\/p>\t\t\t\t\t\t\t\t<\/div>\n\t\t\t\t<\/div>\n\t\t<div class=\"elementor-element elementor-element-eaa2a72 e-con-full e-flex e-con e-child\" data-id=\"eaa2a72\" data-element_type=\"container\" data-e-type=\"container\">\n\t\t\t\t<div class=\"elementor-element elementor-element-fa80649 elementor-widget__width-initial elementor-widget elementor-widget-text-editor\" data-id=\"fa80649\" data-element_type=\"widget\" data-e-type=\"widget\" data-widget_type=\"text-editor.default\">\n\t\t\t\t\t\t\t\t\t<p>H06-T19<\/p>\t\t\t\t\t\t\t\t<\/div>\n\t\t\t\t<div class=\"elementor-element elementor-element-6ec3321 elementor-widget__width-initial elementor-widget elementor-widget-text-editor\" data-id=\"6ec3321\" data-element_type=\"widget\" data-e-type=\"widget\" data-widget_type=\"text-editor.default\">\n\t\t\t\t\t\t\t\t\t<p>T HOUSE<\/p>\t\t\t\t\t\t\t\t<\/div>\n\t\t\t\t<div class=\"elementor-element elementor-element-453b584 elementor-widget__width-initial elementor-widget elementor-widget-text-editor\" data-id=\"453b584\" data-element_type=\"widget\" data-e-type=\"widget\" data-widget_type=\"text-editor.default\">\n\t\t\t\t\t\t\t\t\t<p>\u0141\u00f3d\u017a \/ PL\u00a0<\/p>\t\t\t\t\t\t\t\t<\/div>\n\t\t\t\t<div class=\"elementor-element elementor-element-d210c0a elementor-widget__width-initial elementor-widget elementor-widget-text-editor\" data-id=\"d210c0a\" data-element_type=\"widget\" data-e-type=\"widget\" data-widget_type=\"text-editor.default\">\n\t\t\t\t\t\t\t\t\t<p>Residential<\/p>\t\t\t\t\t\t\t\t<\/div>\n\t\t\t\t<div class=\"elementor-element elementor-element-a607f12 elementor-widget__width-initial elementor-widget elementor-widget-text-editor\" data-id=\"a607f12\" data-element_type=\"widget\" data-e-type=\"widget\" data-widget_type=\"text-editor.default\">\n\t\t\t\t\t\t\t\t\t<p>450 sq. m<\/p>\t\t\t\t\t\t\t\t<\/div>\n\t\t\t\t<\/div>\n\t\t<div class=\"elementor-element elementor-element-bdf043f e-con-full e-flex e-con e-child\" data-id=\"bdf043f\" data-element_type=\"container\" data-e-type=\"container\">\n\t\t\t\t<div class=\"elementor-element elementor-element-255172f elementor-widget__width-initial elementor-widget elementor-widget-text-editor\" data-id=\"255172f\" data-element_type=\"widget\" data-e-type=\"widget\" data-widget_type=\"text-editor.default\">\n\t\t\t\t\t\t\t\t\t<p>A07-SM<\/p>\t\t\t\t\t\t\t\t<\/div>\n\t\t\t\t<div class=\"elementor-element elementor-element-67cb5d4 elementor-widget__width-initial elementor-widget elementor-widget-text-editor\" data-id=\"67cb5d4\" data-element_type=\"widget\" data-e-type=\"widget\" data-widget_type=\"text-editor.default\">\n\t\t\t\t\t\t\t\t\t<p>DUNE APARTMENT<\/p>\t\t\t\t\t\t\t\t<\/div>\n\t\t\t\t<div class=\"elementor-element elementor-element-c67d3d1 elementor-widget__width-initial elementor-widget elementor-widget-text-editor\" data-id=\"c67d3d1\" data-element_type=\"widget\" data-e-type=\"widget\" data-widget_type=\"text-editor.default\">\n\t\t\t\t\t\t\t\t\t<p>Sopot \/ PL\u00a0<\/p>\t\t\t\t\t\t\t\t<\/div>\n\t\t\t\t<div class=\"elementor-element elementor-element-4b13fcc elementor-widget__width-initial elementor-widget elementor-widget-text-editor\" data-id=\"4b13fcc\" data-element_type=\"widget\" data-e-type=\"widget\" data-widget_type=\"text-editor.default\">\n\t\t\t\t\t\t\t\t\t<p>Creative Space, 2nd Home<\/p>\t\t\t\t\t\t\t\t<\/div>\n\t\t\t\t<div class=\"elementor-element elementor-element-f586a3c elementor-widget__width-initial elementor-widget elementor-widget-text-editor\" data-id=\"f586a3c\" data-element_type=\"widget\" data-e-type=\"widget\" data-widget_type=\"text-editor.default\">\n\t\t\t\t\t\t\t\t\t<p>80 sq. m<\/p>\t\t\t\t\t\t\t\t<\/div>\n\t\t\t\t<\/div>\n\t\t<div class=\"elementor-element elementor-element-1fac4b2 e-con-full e-flex e-con e-child\" data-id=\"1fac4b2\" data-element_type=\"container\" data-e-type=\"container\">\n\t\t\t\t<div class=\"elementor-element elementor-element-b0d26ce elementor-widget__width-initial elementor-widget elementor-widget-text-editor\" data-id=\"b0d26ce\" data-element_type=\"widget\" data-e-type=\"widget\" data-widget_type=\"text-editor.default\">\n\t\t\t\t\t\t\t\t\t<p>H09-SWO<\/p>\t\t\t\t\t\t\t\t<\/div>\n\t\t\t\t<div class=\"elementor-element elementor-element-7d785ba elementor-widget__width-initial elementor-widget elementor-widget-text-editor\" data-id=\"7d785ba\" data-element_type=\"widget\" data-e-type=\"widget\" data-widget_type=\"text-editor.default\">\n\t\t\t\t\t\t\t\t\t<p>HOUSE IN THE FIELDS<\/p>\t\t\t\t\t\t\t\t<\/div>\n\t\t\t\t<div class=\"elementor-element elementor-element-5bb93e1 elementor-widget__width-initial elementor-widget elementor-widget-text-editor\" data-id=\"5bb93e1\" data-element_type=\"widget\" data-e-type=\"widget\" data-widget_type=\"text-editor.default\">\n\t\t\t\t\t\t\t\t\t<p>Dzier\u017c\u0105zna \/ PL\u00a0<\/p>\t\t\t\t\t\t\t\t<\/div>\n\t\t\t\t<div class=\"elementor-element elementor-element-6fcbb09 elementor-widget__width-initial elementor-widget elementor-widget-text-editor\" data-id=\"6fcbb09\" data-element_type=\"widget\" data-e-type=\"widget\" data-widget_type=\"text-editor.default\">\n\t\t\t\t\t\t\t\t\t<p>Residential<\/p>\t\t\t\t\t\t\t\t<\/div>\n\t\t\t\t<div class=\"elementor-element elementor-element-24d7ef6 elementor-widget__width-initial elementor-widget elementor-widget-text-editor\" data-id=\"24d7ef6\" data-element_type=\"widget\" data-e-type=\"widget\" data-widget_type=\"text-editor.default\">\n\t\t\t\t\t\t\t\t\t<p>359 sq. m<\/p>\t\t\t\t\t\t\t\t<\/div>\n\t\t\t\t<\/div>\n\t\t\t\t\t<\/div>\n\t\t\t\t<\/div>\n\t\t<div class=\"elementor-element elementor-element-210a03e elementor-hidden-tablet elementor-hidden-mobile e-con-full e-flex e-con e-parent\" data-id=\"210a03e\" data-element_type=\"container\" data-e-type=\"container\" id=\"runo-contact\">\n\t\t<div class=\"elementor-element elementor-element-41a20e2 e-con-full e-flex e-con e-child\" data-id=\"41a20e2\" data-element_type=\"container\" data-e-type=\"container\">\n\t\t<div class=\"elementor-element elementor-element-5060cee e-con-full e-flex e-con e-child\" data-id=\"5060cee\" data-element_type=\"container\" data-e-type=\"container\">\n\t\t<div class=\"elementor-element elementor-element-5ee9655 e-con-full e-flex e-con e-child\" data-id=\"5ee9655\" data-element_type=\"container\" data-e-type=\"container\">\n\t\t\t\t<div class=\"elementor-element elementor-element-4888928 elementor-widget__width-initial elementor-widget elementor-widget-text-editor\" data-id=\"4888928\" data-element_type=\"widget\" data-e-type=\"widget\" data-widget_type=\"text-editor.default\">\n\t\t\t\t\t\t\t\t\t<p><span style=\"font-family: Helvetica, sans-serif;\">Runo (INTERIOR DESIGN PRACTICE)<\/span><\/p>\t\t\t\t\t\t\t\t<\/div>\n\t\t\t\t<\/div>\n\t\t\t\t<div class=\"elementor-element elementor-element-cb6669f elementor-widget-divider--view-line elementor-widget elementor-widget-divider\" data-id=\"cb6669f\" data-element_type=\"widget\" data-e-type=\"widget\" data-widget_type=\"divider.default\">\n\t\t\t\t\t\t\t<div class=\"elementor-divider\">\n\t\t\t<span class=\"elementor-divider-separator\">\n\t\t\t\t\t\t<\/span>\n\t\t<\/div>\n\t\t\t\t\t\t<\/div>\n\t\t<div class=\"elementor-element elementor-element-08028ab e-con-full e-flex e-con e-child\" data-id=\"08028ab\" data-element_type=\"container\" data-e-type=\"container\">\n\t\t\t\t<div class=\"elementor-element elementor-element-e1c1bef elementor-widget__width-initial elementor-widget elementor-widget-text-editor\" data-id=\"e1c1bef\" data-element_type=\"widget\" data-e-type=\"widget\" data-widget_type=\"text-editor.default\">\n\t\t\t\t\t\t\t\t\t<p><span style=\"font-family: Helvetica, sans-serif;\">(OFFICE)<\/span><\/p>\t\t\t\t\t\t\t\t<\/div>\n\t\t\t\t<div class=\"elementor-element elementor-element-347e3f7 elementor-widget__width-initial elementor-widget elementor-widget-text-editor\" data-id=\"347e3f7\" data-element_type=\"widget\" data-e-type=\"widget\" data-widget_type=\"text-editor.default\">\n\t\t\t\t\t\t\t\t\t<p>OFFICE@RUNOINTERIORS.COM<\/p>\t\t\t\t\t\t\t\t<\/div>\n\t\t\t\t<\/div>\n\t\t\t\t<div class=\"elementor-element elementor-element-a4478ad elementor-widget-divider--view-line elementor-widget elementor-widget-divider\" data-id=\"a4478ad\" data-element_type=\"widget\" data-e-type=\"widget\" data-widget_type=\"divider.default\">\n\t\t\t\t\t\t\t<div class=\"elementor-divider\">\n\t\t\t<span class=\"elementor-divider-separator\">\n\t\t\t\t\t\t<\/span>\n\t\t<\/div>\n\t\t\t\t\t\t<\/div>\n\t\t<div class=\"elementor-element elementor-element-f8105c5 e-con-full e-flex e-con e-child\" data-id=\"f8105c5\" data-element_type=\"container\" data-e-type=\"container\">\n\t\t\t\t<div class=\"elementor-element elementor-element-54f91f6 elementor-widget__width-initial elementor-widget elementor-widget-text-editor\" data-id=\"54f91f6\" data-element_type=\"widget\" data-e-type=\"widget\" data-widget_type=\"text-editor.default\">\n\t\t\t\t\t\t\t\t\t<p><span style=\"font-family: Helvetica, sans-serif;\">(JOBS)<\/span><\/p>\t\t\t\t\t\t\t\t<\/div>\n\t\t\t\t<div class=\"elementor-element elementor-element-be153f3 elementor-widget__width-initial elementor-widget elementor-widget-text-editor\" data-id=\"be153f3\" data-element_type=\"widget\" data-e-type=\"widget\" data-widget_type=\"text-editor.default\">\n\t\t\t\t\t\t\t\t\t<p>JOBS@RUNOINTERIORS.COM<\/p>\t\t\t\t\t\t\t\t<\/div>\n\t\t\t\t<\/div>\n\t\t\t\t<div class=\"elementor-element elementor-element-721d4cc elementor-widget-divider--view-line elementor-widget elementor-widget-divider\" data-id=\"721d4cc\" data-element_type=\"widget\" data-e-type=\"widget\" data-widget_type=\"divider.default\">\n\t\t\t\t\t\t\t<div class=\"elementor-divider\">\n\t\t\t<span class=\"elementor-divider-separator\">\n\t\t\t\t\t\t<\/span>\n\t\t<\/div>\n\t\t\t\t\t\t<\/div>\n\t\t\t\t<\/div>\n\t\t<div class=\"elementor-element elementor-element-ff4dbbd e-con-full e-flex e-con e-child\" data-id=\"ff4dbbd\" data-element_type=\"container\" data-e-type=\"container\">\n\t\t<div class=\"elementor-element elementor-element-7422854 e-con-full e-flex e-con e-child\" data-id=\"7422854\" data-element_type=\"container\" data-e-type=\"container\">\n\t\t\t\t<div class=\"elementor-element elementor-element-82f253f elementor-widget__width-initial elementor-widget elementor-widget-text-editor\" data-id=\"82f253f\" data-element_type=\"widget\" data-e-type=\"widget\" data-widget_type=\"text-editor.default\">\n\t\t\t\t\t\t\t\t\t<p><span style=\"font-family: Helvetica, sans-serif;\">(HQ)BY APPOINTMENT ONLY<\/span><\/p>\t\t\t\t\t\t\t\t<\/div>\n\t\t\t\t<div class=\"elementor-element elementor-element-74a5a5c elementor-widget__width-initial elementor-widget elementor-widget-text-editor\" data-id=\"74a5a5c\" data-element_type=\"widget\" data-e-type=\"widget\" data-widget_type=\"text-editor.default\">\n\t\t\t\t\t\t\t\t\t<p>ZAMENHOFA 11\/1 90-001 \u0141\u00d3D\u0179<\/p>\t\t\t\t\t\t\t\t<\/div>\n\t\t\t\t<\/div>\n\t\t\t\t<div class=\"elementor-element elementor-element-1ca23a6 elementor-widget-divider--view-line elementor-widget elementor-widget-divider\" data-id=\"1ca23a6\" data-element_type=\"widget\" data-e-type=\"widget\" data-widget_type=\"divider.default\">\n\t\t\t\t\t\t\t<div class=\"elementor-divider\">\n\t\t\t<span class=\"elementor-divider-separator\">\n\t\t\t\t\t\t<\/span>\n\t\t<\/div>\n\t\t\t\t\t\t<\/div>\n\t\t<div class=\"elementor-element elementor-element-a080ef4 e-con-full e-flex e-con e-child\" data-id=\"a080ef4\" data-element_type=\"container\" data-e-type=\"container\">\n\t\t\t\t<div class=\"elementor-element elementor-element-b39ee82 elementor-widget__width-initial elementor-widget elementor-widget-text-editor\" data-id=\"b39ee82\" data-element_type=\"widget\" data-e-type=\"widget\" data-widget_type=\"text-editor.default\">\n\t\t\t\t\t\t\t\t\t<p><span style=\"font-family: Helvetica, sans-serif;\">(MOBILE)<\/span><\/p>\t\t\t\t\t\t\t\t<\/div>\n\t\t\t\t<div class=\"elementor-element elementor-element-4a15450 elementor-widget__width-initial elementor-widget elementor-widget-text-editor\" data-id=\"4a15450\" data-element_type=\"widget\" data-e-type=\"widget\" data-widget_type=\"text-editor.default\">\n\t\t\t\t\t\t\t\t\t<p>+48<\/p>\t\t\t\t\t\t\t\t<\/div>\n\t\t\t\t<\/div>\n\t\t\t\t<div class=\"elementor-element elementor-element-4dbac92 elementor-widget-divider--view-line elementor-widget elementor-widget-divider\" data-id=\"4dbac92\" data-element_type=\"widget\" data-e-type=\"widget\" data-widget_type=\"divider.default\">\n\t\t\t\t\t\t\t<div class=\"elementor-divider\">\n\t\t\t<span class=\"elementor-divider-separator\">\n\t\t\t\t\t\t<\/span>\n\t\t<\/div>\n\t\t\t\t\t\t<\/div>\n\t\t<div class=\"elementor-element elementor-element-53d5f25 e-con-full e-flex e-con e-child\" data-id=\"53d5f25\" data-element_type=\"container\" data-e-type=\"container\">\n\t\t\t\t<div class=\"elementor-element elementor-element-a635047 elementor-widget__width-initial elementor-widget elementor-widget-text-editor\" data-id=\"a635047\" data-element_type=\"widget\" data-e-type=\"widget\" data-widget_type=\"text-editor.default\">\n\t\t\t\t\t\t\t\t\t<p><span style=\"font-family: Helvetica, sans-serif;\">(SOCIALMEDIA)<\/span><\/p>\t\t\t\t\t\t\t\t<\/div>\n\t\t\t\t<div class=\"elementor-element elementor-element-7903c8d elementor-widget__width-initial elementor-widget elementor-widget-text-editor\" data-id=\"7903c8d\" data-element_type=\"widget\" data-e-type=\"widget\" data-widget_type=\"text-editor.default\">\n\t\t\t\t\t\t\t\t\t<p>@RUNOINTERIORS<\/p>\t\t\t\t\t\t\t\t<\/div>\n\t\t\t\t<\/div>\n\t\t\t\t<div class=\"elementor-element elementor-element-b5d48cc elementor-widget-divider--view-line elementor-widget elementor-widget-divider\" data-id=\"b5d48cc\" data-element_type=\"widget\" data-e-type=\"widget\" data-widget_type=\"divider.default\">\n\t\t\t\t\t\t\t<div class=\"elementor-divider\">\n\t\t\t<span class=\"elementor-divider-separator\">\n\t\t\t\t\t\t<\/span>\n\t\t<\/div>\n\t\t\t\t\t\t<\/div>\n\t\t\t\t<\/div>\n\t\t\t\t<\/div>\n\t\t\t\t<\/div>\n\t\t\t\t<\/div>\n\t\t","protected":false},"excerpt":{"rendered":"<p>(VIEWPROJECTS) View Grid \/ List Signature Title\u00a0 Location Type Area A01-MM MINIMAL TATAMI APARTMENT \u0141\u00f3d\u017a\/ PL Residential 72 sq. m H06-T19 T HOUSE \u0141\u00f3d\u017a \/ PL\u00a0 Residential 450 sq. m A07-SM DUNE APARTMENT Sopot \/ PL\u00a0 Creative Space, 2nd Home 80 sq. m H09-SWO HOUSE IN THE FIELDS Dzier\u017c\u0105zna \/ PL\u00a0 Residential 359 sq. m [&hellip;]<\/p>\n","protected":false},"author":1,"featured_media":0,"parent":0,"menu_order":0,"comment_status":"closed","ping_status":"closed","template":"","meta":{"footnotes":""},"class_list":["post-744","page","type-page","status-publish","hentry"],"_links":{"self":[{"href":"https:\/\/runointeriors.com\/index.php\/wp-json\/wp\/v2\/pages\/744","targetHints":{"allow":["GET"]}}],"collection":[{"href":"https:\/\/runointeriors.com\/index.php\/wp-json\/wp\/v2\/pages"}],"about":[{"href":"https:\/\/runointeriors.com\/index.php\/wp-json\/wp\/v2\/types\/page"}],"author":[{"embeddable":true,"href":"https:\/\/runointeriors.com\/index.php\/wp-json\/wp\/v2\/users\/1"}],"replies":[{"embeddable":true,"href":"https:\/\/runointeriors.com\/index.php\/wp-json\/wp\/v2\/comments?post=744"}],"version-history":[{"count":3,"href":"https:\/\/runointeriors.com\/index.php\/wp-json\/wp\/v2\/pages\/744\/revisions"}],"predecessor-version":[{"id":747,"href":"https:\/\/runointeriors.com\/index.php\/wp-json\/wp\/v2\/pages\/744\/revisions\/747"}],"wp:attachment":[{"href":"https:\/\/runointeriors.com\/index.php\/wp-json\/wp\/v2\/media?parent=744"}],"curies":[{"name":"wp","href":"https:\/\/api.w.org\/{rel}","templated":true}]}}