{"id":713,"date":"2026-04-07T11:27:23","date_gmt":"2026-04-07T11:27:23","guid":{"rendered":"https:\/\/runointeriors.com\/?page_id=713"},"modified":"2026-04-07T16:14:03","modified_gmt":"2026-04-07T16:14:03","slug":"getintouch","status":"publish","type":"page","link":"https:\/\/runointeriors.com\/","title":{"rendered":"(GETINTOUCH)"},"content":{"rendered":"\t\t<div data-elementor-type=\"wp-page\" data-elementor-id=\"713\" class=\"elementor elementor-713\" data-elementor-post-type=\"page\">\n\t\t\t\t<div class=\"elementor-element elementor-element-f8d79b6 e-flex e-con-boxed e-con e-parent\" data-id=\"f8d79b6\" data-element_type=\"container\" data-e-type=\"container\">\n\t\t\t\t\t<div class=\"e-con-inner\">\n\t\t\t\t<div class=\"elementor-element elementor-element-7eedf61 elementor-widget elementor-widget-heading\" data-id=\"7eedf61\" data-element_type=\"widget\" data-e-type=\"widget\" data-widget_type=\"heading.default\">\n\t\t\t\t\t<h2 class=\"elementor-heading-title elementor-size-default\">(GETINTOUCH)<\/h2>\t\t\t\t<\/div>\n\t\t\t\t\t<\/div>\n\t\t\t\t<\/div>\n\t\t<div class=\"elementor-element elementor-element-16bba2c e-con-full e-flex e-con e-parent\" data-id=\"16bba2c\" data-element_type=\"container\" data-e-type=\"container\">\n\t\t\t\t<div class=\"elementor-element elementor-element-555fab6 elementor-widget elementor-widget-text-editor\" data-id=\"555fab6\" data-element_type=\"widget\" data-e-type=\"widget\" data-widget_type=\"text-editor.default\">\n\t\t\t\t\t\t\t\t\t<p>Powiedz nam o swojej przestrzeni<\/p>\t\t\t\t\t\t\t\t<\/div>\n\t\t\t\t<\/div>\n\t\t<div class=\"elementor-element elementor-element-89c1fb4 e-con-full e-flex e-con e-parent\" data-id=\"89c1fb4\" data-element_type=\"container\" data-e-type=\"container\">\n\t\t\t\t<div class=\"elementor-element elementor-element-1987a0a elementor-widget__width-initial elementor-button-align-stretch elementor-widget elementor-widget-form\" data-id=\"1987a0a\" data-element_type=\"widget\" data-e-type=\"widget\" id=\"runo-form\" data-settings=\"{&quot;step_next_label&quot;:&quot;Next&quot;,&quot;step_previous_label&quot;:&quot;Previous&quot;,&quot;button_width&quot;:&quot;100&quot;,&quot;step_type&quot;:&quot;number_text&quot;,&quot;step_icon_shape&quot;:&quot;circle&quot;}\" data-widget_type=\"form.default\">\n\t\t\t\t\t\t\t<form class=\"elementor-form\" method=\"post\" name=\"New Form\" aria-label=\"New Form\">\n\t\t\t<input type=\"hidden\" name=\"post_id\" value=\"713\"\/>\n\t\t\t<input type=\"hidden\" name=\"form_id\" value=\"1987a0a\"\/>\n\t\t\t<input type=\"hidden\" name=\"referer_title\" value=\"\" \/>\n\n\t\t\t\t\t\t\t<input type=\"hidden\" name=\"queried_id\" value=\"713\"\/>\n\t\t\t\n\t\t\t<div class=\"elementor-form-fields-wrapper elementor-labels-\">\n\t\t\t\t\t\t\t\t<div class=\"elementor-field-type-text elementor-field-group elementor-column elementor-field-group-name elementor-col-50\">\n\t\t\t\t\t\t\t\t\t\t\t\t\t<input size=\"1\" type=\"text\" name=\"form_fields[name]\" id=\"form-field-name\" class=\"elementor-field elementor-size-sm  elementor-field-textual\" placeholder=\"(IMI\u0118)\">\n\t\t\t\t\t\t\t\t\t\t\t<\/div>\n\t\t\t\t\t\t\t\t<div class=\"elementor-field-type-text elementor-field-group elementor-column elementor-field-group-field_b982441 elementor-col-50\">\n\t\t\t\t\t\t\t\t\t\t\t\t\t<input size=\"1\" type=\"text\" name=\"form_fields[field_b982441]\" id=\"form-field-field_b982441\" class=\"elementor-field elementor-size-sm  elementor-field-textual\" placeholder=\"(E-MAIL)\">\n\t\t\t\t\t\t\t\t\t\t\t<\/div>\n\t\t\t\t\t\t\t\t<div class=\"elementor-field-type-text elementor-field-group elementor-column elementor-field-group-message elementor-col-50\">\n\t\t\t\t\t\t\t\t\t\t\t\t\t<input size=\"1\" type=\"text\" name=\"form_fields[message]\" id=\"form-field-message\" class=\"elementor-field elementor-size-sm  elementor-field-textual\" placeholder=\"(MIASTO)\">\n\t\t\t\t\t\t\t\t\t\t\t<\/div>\n\t\t\t\t\t\t\t\t<div class=\"elementor-field-type-text elementor-field-group elementor-column elementor-field-group-field_d30f441 elementor-col-50\">\n\t\t\t\t\t\t\t\t\t\t\t\t\t<input size=\"1\" type=\"text\" name=\"form_fields[field_d30f441]\" id=\"form-field-field_d30f441\" class=\"elementor-field elementor-size-sm  elementor-field-textual\" placeholder=\"(METRA\u017b)\">\n\t\t\t\t\t\t\t\t\t\t\t<\/div>\n\t\t\t\t\t\t\t\t<div class=\"elementor-field-type-select elementor-field-group elementor-column elementor-field-group-field_0bdc94d elementor-col-50\">\n\t\t\t\t\t\t\t<div class=\"elementor-field elementor-select-wrapper remove-before \">\n\t\t\t<div class=\"select-caret-down-wrapper\">\n\t\t\t\t<svg aria-hidden=\"true\" class=\"e-font-icon-svg e-eicon-caret-down\" viewBox=\"0 0 571.4 571.4\" xmlns=\"http:\/\/www.w3.org\/2000\/svg\"><path d=\"M571 393Q571 407 561 418L311 668Q300 679 286 679T261 668L11 418Q0 407 0 393T11 368 36 357H536Q550 357 561 368T571 393Z\"><\/path><\/svg>\t\t\t<\/div>\n\t\t\t<select name=\"form_fields[field_0bdc94d]\" id=\"form-field-field_0bdc94d\" class=\"elementor-field-textual elementor-size-sm\">\n\t\t\t\t\t\t\t\t\t<option value=\"(TYP NIERUCHOMO\u015aCI)\">(TYP NIERUCHOMO\u015aCI)<\/option>\n\t\t\t\t\t\t\t\t\t<option value=\"Dom\">Dom<\/option>\n\t\t\t\t\t\t\t\t\t<option value=\"Apartament\">Apartament<\/option>\n\t\t\t\t\t\t\t\t\t<option value=\"Komercyjne\">Komercyjne<\/option>\n\t\t\t\t\t\t\t<\/select>\n\t\t<\/div>\n\t\t\t\t\t\t<\/div>\n\t\t\t\t\t\t\t\t<div class=\"elementor-field-type-select elementor-field-group elementor-column elementor-field-group-field_44945ac elementor-col-50\">\n\t\t\t\t\t\t\t<div class=\"elementor-field elementor-select-wrapper remove-before \">\n\t\t\t<div class=\"select-caret-down-wrapper\">\n\t\t\t\t<svg aria-hidden=\"true\" class=\"e-font-icon-svg e-eicon-caret-down\" viewBox=\"0 0 571.4 571.4\" xmlns=\"http:\/\/www.w3.org\/2000\/svg\"><path d=\"M571 393Q571 407 561 418L311 668Q300 679 286 679T261 668L11 418Q0 407 0 393T11 368 36 357H536Q550 357 561 368T571 393Z\"><\/path><\/svg>\t\t\t<\/div>\n\t\t\t<select name=\"form_fields[field_44945ac]\" id=\"form-field-field_44945ac\" class=\"elementor-field-textual elementor-size-sm\">\n\t\t\t\t\t\t\t\t\t<option value=\"(RYNEK)\">(RYNEK)<\/option>\n\t\t\t\t\t\t\t\t\t<option value=\"Rynek pierwotny\">Rynek pierwotny<\/option>\n\t\t\t\t\t\t\t\t\t<option value=\"Rynek wt\u00f3rny\">Rynek wt\u00f3rny<\/option>\n\t\t\t\t\t\t\t<\/select>\n\t\t<\/div>\n\t\t\t\t\t\t<\/div>\n\t\t\t\t\t\t\t\t<div class=\"elementor-field-type-select elementor-field-group elementor-column elementor-field-group-email elementor-col-50 elementor-field-required\">\n\t\t\t\t\t\t\t<div class=\"elementor-field elementor-select-wrapper remove-before \">\n\t\t\t<div class=\"select-caret-down-wrapper\">\n\t\t\t\t<svg aria-hidden=\"true\" class=\"e-font-icon-svg e-eicon-caret-down\" viewBox=\"0 0 571.4 571.4\" xmlns=\"http:\/\/www.w3.org\/2000\/svg\"><path d=\"M571 393Q571 407 561 418L311 668Q300 679 286 679T261 668L11 418Q0 407 0 393T11 368 36 357H536Q550 357 561 368T571 393Z\"><\/path><\/svg>\t\t\t<\/div>\n\t\t\t<select name=\"form_fields[email]\" id=\"form-field-email\" class=\"elementor-field-textual elementor-size-sm\" required=\"required\">\n\t\t\t\t\t\t\t\t\t<option value=\"(ETAP)\">(ETAP)<\/option>\n\t\t\t\t\t\t\t\t\t<option value=\"W trakcie budowy\">W trakcie budowy<\/option>\n\t\t\t\t\t\t\t\t\t<option value=\"W trakcie projektu kubaturowego\">W trakcie projektu kubaturowego<\/option>\n\t\t\t\t\t\t\t\t\t<option value=\"Przebudowa\">Przebudowa<\/option>\n\t\t\t\t\t\t\t\t\t<option value=\"Szukam nieruchomo\u015bci\">Szukam nieruchomo\u015bci<\/option>\n\t\t\t\t\t\t\t<\/select>\n\t\t<\/div>\n\t\t\t\t\t\t<\/div>\n\t\t\t\t\t\t\t\t<div class=\"elementor-field-type-select elementor-field-group elementor-column elementor-field-group-field_5fee0e5 elementor-col-50\">\n\t\t\t\t\t\t\t<div class=\"elementor-field elementor-select-wrapper remove-before \">\n\t\t\t<div class=\"select-caret-down-wrapper\">\n\t\t\t\t<svg aria-hidden=\"true\" class=\"e-font-icon-svg e-eicon-caret-down\" viewBox=\"0 0 571.4 571.4\" xmlns=\"http:\/\/www.w3.org\/2000\/svg\"><path d=\"M571 393Q571 407 561 418L311 668Q300 679 286 679T261 668L11 418Q0 407 0 393T11 368 36 357H536Q550 357 561 368T571 393Z\"><\/path><\/svg>\t\t\t<\/div>\n\t\t\t<select name=\"form_fields[field_5fee0e5]\" id=\"form-field-field_5fee0e5\" class=\"elementor-field-textual elementor-size-sm\">\n\t\t\t\t\t\t\t\t\t<option value=\"(GDZIE SPOTKA\u0141E\u015a\/A\u015a RUNO)\">(GDZIE SPOTKA\u0141E\u015a\/A\u015a RUNO)<\/option>\n\t\t\t\t\t\t\t\t\t<option value=\"Google search\">Google search<\/option>\n\t\t\t\t\t\t\t\t\t<option value=\"Instagram\">Instagram<\/option>\n\t\t\t\t\t\t\t\t\t<option value=\"Ad\">Ad<\/option>\n\t\t\t\t\t\t\t\t\t<option value=\"Polecenie\">Polecenie<\/option>\n\t\t\t\t\t\t\t\t\t<option value=\"Na budowie\">Na budowie<\/option>\n\t\t\t\t\t\t\t\t\t<option value=\"Inne\">Inne<\/option>\n\t\t\t\t\t\t\t<\/select>\n\t\t<\/div>\n\t\t\t\t\t\t<\/div>\n\t\t\t\t\t\t\t\t<div class=\"elementor-field-type-text elementor-field-group elementor-column elementor-field-group-field_ea08cce elementor-col-100\">\n\t\t\t\t\t\t\t\t\t\t\t\t\t<input size=\"1\" type=\"text\" name=\"form_fields[field_ea08cce]\" id=\"form-field-field_ea08cce\" class=\"elementor-field elementor-size-sm  elementor-field-textual\" placeholder=\"(WIADOMO\u015a\u0106)\">\n\t\t\t\t\t\t\t\t\t\t\t<\/div>\n\t\t\t\t\t\t\t\t<div class=\"elementor-field-group elementor-column elementor-field-type-submit elementor-col-100 e-form__buttons\">\n\t\t\t\t\t<button class=\"elementor-button elementor-size-md\" type=\"submit\">\n\t\t\t\t\t\t<span class=\"elementor-button-content-wrapper\">\n\t\t\t\t\t\t\t\t\t\t\t\t\t\t\t\t\t\t\t\t\t\t<span class=\"elementor-button-text\">(SEND)<\/span>\n\t\t\t\t\t\t\t\t\t\t\t\t\t<\/span>\n\t\t\t\t\t<\/button>\n\t\t\t\t<\/div>\n\t\t\t<\/div>\n\t\t<\/form>\n\t\t\t\t\t\t<\/div>\n\t\t\t\t<\/div>\n\t\t<div class=\"elementor-element elementor-element-46f23f0 e-con-full e-flex e-con e-parent\" data-id=\"46f23f0\" data-element_type=\"container\" data-e-type=\"container\">\n\t\t\t\t<div class=\"elementor-element elementor-element-6101807 elementor-widget elementor-widget-text-editor\" data-id=\"6101807\" data-element_type=\"widget\" data-e-type=\"widget\" data-widget_type=\"text-editor.default\">\n\t\t\t\t\t\t\t\t\t<p>Pracujemy nad ograniczon\u0105 liczb\u0105 projekt\u00f3w jednocze\u015bnie, zapytaj o dost\u0119pno\u015b\u0107. Ka\u017cde zg\u0142oszenie czytamy osobi\u015bcie. Odpowiemy w ci\u0105gu 48h.\u00a0<\/p>\t\t\t\t\t\t\t\t<\/div>\n\t\t\t\t<\/div>\n\t\t<div class=\"elementor-element elementor-element-210a03e elementor-hidden-tablet elementor-hidden-mobile e-con-full e-flex e-con e-parent\" data-id=\"210a03e\" data-element_type=\"container\" data-e-type=\"container\" id=\"runo-contact\">\n\t\t<div class=\"elementor-element elementor-element-41a20e2 e-con-full e-flex e-con e-child\" data-id=\"41a20e2\" data-element_type=\"container\" data-e-type=\"container\">\n\t\t<div class=\"elementor-element elementor-element-5060cee e-con-full e-flex e-con e-child\" data-id=\"5060cee\" data-element_type=\"container\" data-e-type=\"container\">\n\t\t<div class=\"elementor-element elementor-element-5ee9655 e-con-full e-flex e-con e-child\" data-id=\"5ee9655\" data-element_type=\"container\" data-e-type=\"container\">\n\t\t\t\t<div class=\"elementor-element elementor-element-4888928 elementor-widget__width-initial elementor-widget elementor-widget-text-editor\" data-id=\"4888928\" data-element_type=\"widget\" data-e-type=\"widget\" data-widget_type=\"text-editor.default\">\n\t\t\t\t\t\t\t\t\t<p><span style=\"font-family: Helvetica, sans-serif;\">Runo (INTERIOR DESIGN PRACTICE)<\/span><\/p>\t\t\t\t\t\t\t\t<\/div>\n\t\t\t\t<\/div>\n\t\t\t\t<div class=\"elementor-element elementor-element-cb6669f elementor-widget-divider--view-line elementor-widget elementor-widget-divider\" data-id=\"cb6669f\" data-element_type=\"widget\" data-e-type=\"widget\" data-widget_type=\"divider.default\">\n\t\t\t\t\t\t\t<div class=\"elementor-divider\">\n\t\t\t<span class=\"elementor-divider-separator\">\n\t\t\t\t\t\t<\/span>\n\t\t<\/div>\n\t\t\t\t\t\t<\/div>\n\t\t<div class=\"elementor-element elementor-element-08028ab e-con-full e-flex e-con e-child\" data-id=\"08028ab\" data-element_type=\"container\" data-e-type=\"container\">\n\t\t\t\t<div class=\"elementor-element elementor-element-e1c1bef elementor-widget__width-initial elementor-widget elementor-widget-text-editor\" data-id=\"e1c1bef\" data-element_type=\"widget\" data-e-type=\"widget\" data-widget_type=\"text-editor.default\">\n\t\t\t\t\t\t\t\t\t<p><span style=\"font-family: Helvetica, sans-serif;\">(OFFICE)<\/span><\/p>\t\t\t\t\t\t\t\t<\/div>\n\t\t\t\t<div class=\"elementor-element elementor-element-347e3f7 elementor-widget__width-initial elementor-widget elementor-widget-text-editor\" data-id=\"347e3f7\" data-element_type=\"widget\" data-e-type=\"widget\" data-widget_type=\"text-editor.default\">\n\t\t\t\t\t\t\t\t\t<p>OFFICE@RUNOINTERIORS.COM<\/p>\t\t\t\t\t\t\t\t<\/div>\n\t\t\t\t<\/div>\n\t\t\t\t<div class=\"elementor-element elementor-element-a4478ad elementor-widget-divider--view-line elementor-widget elementor-widget-divider\" data-id=\"a4478ad\" data-element_type=\"widget\" data-e-type=\"widget\" data-widget_type=\"divider.default\">\n\t\t\t\t\t\t\t<div class=\"elementor-divider\">\n\t\t\t<span class=\"elementor-divider-separator\">\n\t\t\t\t\t\t<\/span>\n\t\t<\/div>\n\t\t\t\t\t\t<\/div>\n\t\t<div class=\"elementor-element elementor-element-f8105c5 e-con-full e-flex e-con e-child\" data-id=\"f8105c5\" data-element_type=\"container\" data-e-type=\"container\">\n\t\t\t\t<div class=\"elementor-element elementor-element-54f91f6 elementor-widget__width-initial elementor-widget elementor-widget-text-editor\" data-id=\"54f91f6\" data-element_type=\"widget\" data-e-type=\"widget\" data-widget_type=\"text-editor.default\">\n\t\t\t\t\t\t\t\t\t<p><span style=\"font-family: Helvetica, sans-serif;\">(JOBS)<\/span><\/p>\t\t\t\t\t\t\t\t<\/div>\n\t\t\t\t<div class=\"elementor-element elementor-element-be153f3 elementor-widget__width-initial elementor-widget elementor-widget-text-editor\" data-id=\"be153f3\" data-element_type=\"widget\" data-e-type=\"widget\" data-widget_type=\"text-editor.default\">\n\t\t\t\t\t\t\t\t\t<p>JOBS@RUNOINTERIORS.COM<\/p>\t\t\t\t\t\t\t\t<\/div>\n\t\t\t\t<\/div>\n\t\t\t\t<div class=\"elementor-element elementor-element-721d4cc elementor-widget-divider--view-line elementor-widget elementor-widget-divider\" data-id=\"721d4cc\" data-element_type=\"widget\" data-e-type=\"widget\" data-widget_type=\"divider.default\">\n\t\t\t\t\t\t\t<div class=\"elementor-divider\">\n\t\t\t<span class=\"elementor-divider-separator\">\n\t\t\t\t\t\t<\/span>\n\t\t<\/div>\n\t\t\t\t\t\t<\/div>\n\t\t\t\t<\/div>\n\t\t<div class=\"elementor-element elementor-element-ff4dbbd e-con-full e-flex e-con e-child\" data-id=\"ff4dbbd\" data-element_type=\"container\" data-e-type=\"container\">\n\t\t<div class=\"elementor-element elementor-element-7422854 e-con-full e-flex e-con e-child\" data-id=\"7422854\" data-element_type=\"container\" data-e-type=\"container\">\n\t\t\t\t<div class=\"elementor-element elementor-element-82f253f elementor-widget__width-initial elementor-widget elementor-widget-text-editor\" data-id=\"82f253f\" data-element_type=\"widget\" data-e-type=\"widget\" data-widget_type=\"text-editor.default\">\n\t\t\t\t\t\t\t\t\t<p><span style=\"font-family: Helvetica, sans-serif;\">(HQ)BY APPOINTMENT ONLY<\/span><\/p>\t\t\t\t\t\t\t\t<\/div>\n\t\t\t\t<div class=\"elementor-element elementor-element-74a5a5c elementor-widget__width-initial elementor-widget elementor-widget-text-editor\" data-id=\"74a5a5c\" data-element_type=\"widget\" data-e-type=\"widget\" data-widget_type=\"text-editor.default\">\n\t\t\t\t\t\t\t\t\t<p>ZAMENHOFA 11\/1 90-001 \u0141\u00d3D\u0179<\/p>\t\t\t\t\t\t\t\t<\/div>\n\t\t\t\t<\/div>\n\t\t\t\t<div class=\"elementor-element elementor-element-1ca23a6 elementor-widget-divider--view-line elementor-widget elementor-widget-divider\" data-id=\"1ca23a6\" data-element_type=\"widget\" data-e-type=\"widget\" data-widget_type=\"divider.default\">\n\t\t\t\t\t\t\t<div class=\"elementor-divider\">\n\t\t\t<span class=\"elementor-divider-separator\">\n\t\t\t\t\t\t<\/span>\n\t\t<\/div>\n\t\t\t\t\t\t<\/div>\n\t\t<div class=\"elementor-element elementor-element-a080ef4 e-con-full e-flex e-con e-child\" data-id=\"a080ef4\" data-element_type=\"container\" data-e-type=\"container\">\n\t\t\t\t<div class=\"elementor-element elementor-element-b39ee82 elementor-widget__width-initial elementor-widget elementor-widget-text-editor\" data-id=\"b39ee82\" data-element_type=\"widget\" data-e-type=\"widget\" data-widget_type=\"text-editor.default\">\n\t\t\t\t\t\t\t\t\t<p><span style=\"font-family: Helvetica, sans-serif;\">(MOBILE)<\/span><\/p>\t\t\t\t\t\t\t\t<\/div>\n\t\t\t\t<div class=\"elementor-element elementor-element-4a15450 elementor-widget__width-initial elementor-widget elementor-widget-text-editor\" data-id=\"4a15450\" data-element_type=\"widget\" data-e-type=\"widget\" data-widget_type=\"text-editor.default\">\n\t\t\t\t\t\t\t\t\t<p>+48<\/p>\t\t\t\t\t\t\t\t<\/div>\n\t\t\t\t<\/div>\n\t\t\t\t<div class=\"elementor-element elementor-element-4dbac92 elementor-widget-divider--view-line elementor-widget elementor-widget-divider\" data-id=\"4dbac92\" data-element_type=\"widget\" data-e-type=\"widget\" data-widget_type=\"divider.default\">\n\t\t\t\t\t\t\t<div class=\"elementor-divider\">\n\t\t\t<span class=\"elementor-divider-separator\">\n\t\t\t\t\t\t<\/span>\n\t\t<\/div>\n\t\t\t\t\t\t<\/div>\n\t\t<div class=\"elementor-element elementor-element-53d5f25 e-con-full e-flex e-con e-child\" data-id=\"53d5f25\" data-element_type=\"container\" data-e-type=\"container\">\n\t\t\t\t<div class=\"elementor-element elementor-element-a635047 elementor-widget__width-initial elementor-widget elementor-widget-text-editor\" data-id=\"a635047\" data-element_type=\"widget\" data-e-type=\"widget\" data-widget_type=\"text-editor.default\">\n\t\t\t\t\t\t\t\t\t<p><span style=\"font-family: Helvetica, sans-serif;\">(SOCIALMEDIA)<\/span><\/p>\t\t\t\t\t\t\t\t<\/div>\n\t\t\t\t<div class=\"elementor-element elementor-element-7903c8d elementor-widget__width-initial elementor-widget elementor-widget-text-editor\" data-id=\"7903c8d\" data-element_type=\"widget\" data-e-type=\"widget\" data-widget_type=\"text-editor.default\">\n\t\t\t\t\t\t\t\t\t<p>@RUNOINTERIORS<\/p>\t\t\t\t\t\t\t\t<\/div>\n\t\t\t\t<\/div>\n\t\t\t\t<div class=\"elementor-element elementor-element-b5d48cc elementor-widget-divider--view-line elementor-widget elementor-widget-divider\" data-id=\"b5d48cc\" data-element_type=\"widget\" data-e-type=\"widget\" data-widget_type=\"divider.default\">\n\t\t\t\t\t\t\t<div class=\"elementor-divider\">\n\t\t\t<span class=\"elementor-divider-separator\">\n\t\t\t\t\t\t<\/span>\n\t\t<\/div>\n\t\t\t\t\t\t<\/div>\n\t\t\t\t<\/div>\n\t\t\t\t<\/div>\n\t\t\t\t<\/div>\n\t\t<div class=\"elementor-element elementor-element-415524d e-flex e-con-boxed e-con e-parent\" data-id=\"415524d\" data-element_type=\"container\" data-e-type=\"container\">\n\t\t\t\t\t<div class=\"e-con-inner\">\n\t\t\t\t\t<\/div>\n\t\t\t\t<\/div>\n\t\t\t\t<\/div>\n\t\t","protected":false},"excerpt":{"rendered":"<p>(GETINTOUCH) Powiedz nam o swojej przestrzeni Pracujemy nad ograniczon\u0105 liczb\u0105 projekt\u00f3w jednocze\u015bnie, zapytaj o dost\u0119pno\u015b\u0107. Ka\u017cde zg\u0142oszenie czytamy osobi\u015bcie. Odpowiemy w ci\u0105gu 48h.\u00a0 Runo (INTERIOR DESIGN PRACTICE) (OFFICE) OFFICE@RUNOINTERIORS.COM (JOBS) JOBS@RUNOINTERIORS.COM (HQ)BY APPOINTMENT ONLY ZAMENHOFA 11\/1 90-001 \u0141\u00d3D\u0179 (MOBILE) +48 (SOCIALMEDIA) @RUNOINTERIORS<\/p>\n","protected":false},"author":1,"featured_media":0,"parent":0,"menu_order":0,"comment_status":"closed","ping_status":"closed","template":"","meta":{"footnotes":""},"class_list":["post-713","page","type-page","status-publish","hentry"],"_links":{"self":[{"href":"https:\/\/runointeriors.com\/index.php\/wp-json\/wp\/v2\/pages\/713","targetHints":{"allow":["GET"]}}],"collection":[{"href":"https:\/\/runointeriors.com\/index.php\/wp-json\/wp\/v2\/pages"}],"about":[{"href":"https:\/\/runointeriors.com\/index.php\/wp-json\/wp\/v2\/types\/page"}],"author":[{"embeddable":true,"href":"https:\/\/runointeriors.com\/index.php\/wp-json\/wp\/v2\/users\/1"}],"replies":[{"embeddable":true,"href":"https:\/\/runointeriors.com\/index.php\/wp-json\/wp\/v2\/comments?post=713"}],"version-history":[{"count":5,"href":"https:\/\/runointeriors.com\/index.php\/wp-json\/wp\/v2\/pages\/713\/revisions"}],"predecessor-version":[{"id":736,"href":"https:\/\/runointeriors.com\/index.php\/wp-json\/wp\/v2\/pages\/713\/revisions\/736"}],"wp:attachment":[{"href":"https:\/\/runointeriors.com\/index.php\/wp-json\/wp\/v2\/media?parent=713"}],"curies":[{"name":"wp","href":"https:\/\/api.w.org\/{rel}","templated":true}]}}